{"id":434,"date":"2019-09-25T06:41:34","date_gmt":"2019-09-25T04:41:34","guid":{"rendered":"http:\/\/mbstructures.fr\/?page_id=434"},"modified":"2022-01-02T17:38:05","modified_gmt":"2022-01-02T16:38:05","slug":"les-ouvrages-en-pierre","status":"publish","type":"page","link":"https:\/\/mbstructures.fr\/?page_id=434","title":{"rendered":"RENOVATION LOURDE"},"content":{"rendered":"\n<ul><li>Nous \u00e9tudes concernent \u00e9galement les travaux dans l&rsquo;ancien pour la cr\u00e9ation des surfaces et des nouveaux ouvrages. Lofts modernes, les rooftops ou les b\u00e2timents industriels<\/li><li>La d\u00e9molition des murs porteurs, la cr\u00e9ation des ouvertures ou le renforcement des murs fissur\u00e9s <\/li><li>Le suivi et les pr\u00e9conisations des travaux <\/li><li>La formulation des coulis \u00e0 la chaux pour l&rsquo;injection des fissures dans la pierre <\/li><\/ul>\n\n\n\n<figure class=\"wp-block-image size-large\"><img loading=\"lazy\" width=\"1024\" height=\"768\" src=\"https:\/\/mbstructures.fr\/wp-content\/uploads\/2019\/02\/20181128_133212-1024x768.jpg\" alt=\"\" class=\"wp-image-341\" srcset=\"https:\/\/mbstructures.fr\/wp-content\/uploads\/2019\/02\/20181128_133212-1024x768.jpg 1024w, https:\/\/mbstructures.fr\/wp-content\/uploads\/2019\/02\/20181128_133212-600x450.jpg 600w, https:\/\/mbstructures.fr\/wp-content\/uploads\/2019\/02\/20181128_133212-300x225.jpg 300w, https:\/\/mbstructures.fr\/wp-content\/uploads\/2019\/02\/20181128_133212-768x576.jpg 768w\" sizes=\"(max-width: 1024px) 100vw, 1024px\" \/><\/figure>\n\n\n\n<figure class=\"wp-block-image size-large\"><img loading=\"lazy\" width=\"1024\" height=\"768\" src=\"https:\/\/mbstructures.fr\/wp-content\/uploads\/2019\/02\/20181121_143006-1024x768.jpg\" alt=\"\" class=\"wp-image-342\" srcset=\"https:\/\/mbstructures.fr\/wp-content\/uploads\/2019\/02\/20181121_143006-1024x768.jpg 1024w, https:\/\/mbstructures.fr\/wp-content\/uploads\/2019\/02\/20181121_143006-600x450.jpg 600w, https:\/\/mbstructures.fr\/wp-content\/uploads\/2019\/02\/20181121_143006-300x225.jpg 300w, https:\/\/mbstructures.fr\/wp-content\/uploads\/2019\/02\/20181121_143006-768x576.jpg 768w\" sizes=\"(max-width: 1024px) 100vw, 1024px\" \/><\/figure>\n\n\n\n<figure class=\"wp-block-image size-large\"><img loading=\"lazy\" width=\"768\" height=\"1024\" src=\"https:\/\/mbstructures.fr\/wp-content\/uploads\/2019\/02\/IMG_4998-e1549907942813-768x1024.jpg\" alt=\"\" class=\"wp-image-347\" srcset=\"https:\/\/mbstructures.fr\/wp-content\/uploads\/2019\/02\/IMG_4998-e1549907942813-768x1024.jpg 768w, https:\/\/mbstructures.fr\/wp-content\/uploads\/2019\/02\/IMG_4998-e1549907942813-600x800.jpg 600w, https:\/\/mbstructures.fr\/wp-content\/uploads\/2019\/02\/IMG_4998-e1549907942813-225x300.jpg 225w\" sizes=\"(max-width: 768px) 100vw, 768px\" \/><\/figure>\n\n\n\n<figure class=\"wp-block-image size-large\"><img loading=\"lazy\" width=\"768\" height=\"1024\" src=\"https:\/\/mbstructures.fr\/wp-content\/uploads\/2019\/09\/20190913_133753-e1569386011300-768x1024.jpg\" alt=\"\" class=\"wp-image-436\" srcset=\"https:\/\/mbstructures.fr\/wp-content\/uploads\/2019\/09\/20190913_133753-e1569386011300-768x1024.jpg 768w, https:\/\/mbstructures.fr\/wp-content\/uploads\/2019\/09\/20190913_133753-e1569386011300-600x800.jpg 600w, https:\/\/mbstructures.fr\/wp-content\/uploads\/2019\/09\/20190913_133753-e1569386011300-225x300.jpg 225w\" sizes=\"(max-width: 768px) 100vw, 768px\" \/><\/figure>\n\n\n\n<figure class=\"wp-block-image\"><img loading=\"lazy\" width=\"1024\" height=\"768\" src=\"http:\/\/mbstructures.fr\/wp-content\/uploads\/2021\/02\/20200707_110537-1024x768.jpg\" alt=\"\" class=\"wp-image-851\" srcset=\"https:\/\/mbstructures.fr\/wp-content\/uploads\/2021\/02\/20200707_110537-1024x768.jpg 1024w, https:\/\/mbstructures.fr\/wp-content\/uploads\/2021\/02\/20200707_110537-600x450.jpg 600w, https:\/\/mbstructures.fr\/wp-content\/uploads\/2021\/02\/20200707_110537-300x225.jpg 300w, https:\/\/mbstructures.fr\/wp-content\/uploads\/2021\/02\/20200707_110537-768x576.jpg 768w\" sizes=\"(max-width: 1024px) 100vw, 1024px\" \/><\/figure>\n\n\n\n<figure class=\"wp-block-image\"><img loading=\"lazy\" width=\"1024\" height=\"768\" src=\"http:\/\/mbstructures.fr\/wp-content\/uploads\/2021\/02\/20190419_143119-1024x768.jpg\" alt=\"\" class=\"wp-image-852\" srcset=\"https:\/\/mbstructures.fr\/wp-content\/uploads\/2021\/02\/20190419_143119-1024x768.jpg 1024w, https:\/\/mbstructures.fr\/wp-content\/uploads\/2021\/02\/20190419_143119-600x450.jpg 600w, https:\/\/mbstructures.fr\/wp-content\/uploads\/2021\/02\/20190419_143119-300x225.jpg 300w, https:\/\/mbstructures.fr\/wp-content\/uploads\/2021\/02\/20190419_143119-768x576.jpg 768w\" sizes=\"(max-width: 1024px) 100vw, 1024px\" \/><\/figure>\n\n\n\n<figure class=\"wp-block-image\"><img loading=\"lazy\" width=\"1024\" height=\"768\" src=\"http:\/\/mbstructures.fr\/wp-content\/uploads\/2021\/02\/20190920_152717-1024x768.jpg\" alt=\"\" class=\"wp-image-857\" srcset=\"https:\/\/mbstructures.fr\/wp-content\/uploads\/2021\/02\/20190920_152717-1024x768.jpg 1024w, https:\/\/mbstructures.fr\/wp-content\/uploads\/2021\/02\/20190920_152717-600x450.jpg 600w, https:\/\/mbstructures.fr\/wp-content\/uploads\/2021\/02\/20190920_152717-300x225.jpg 300w, https:\/\/mbstructures.fr\/wp-content\/uploads\/2021\/02\/20190920_152717-768x576.jpg 768w\" sizes=\"(max-width: 1024px) 100vw, 1024px\" \/><\/figure>\n\n\n\n<figure class=\"wp-block-gallery columns-0 is-cropped\"><ul class=\"blocks-gallery-grid\"><\/ul><\/figure>\n","protected":false},"excerpt":{"rendered":"<p>Nous \u00e9tudes concernent \u00e9galement les travaux dans l&rsquo;ancien pour la cr\u00e9ation des surfaces et des nouveaux ouvrages. Lofts modernes, les rooftops ou les b\u00e2timents industriels La d\u00e9molition des murs porteurs, la cr\u00e9ation des ouvertures ou<a class=\"moretag\" href=\"https:\/\/mbstructures.fr\/?page_id=434\"> Lire la suite&hellip;<\/a><\/p>\n","protected":false},"author":1,"featured_media":977,"parent":0,"menu_order":0,"comment_status":"closed","ping_status":"closed","template":"page-templates\/template-page-sidebar.php","meta":[],"_links":{"self":[{"href":"https:\/\/mbstructures.fr\/index.php?rest_route=\/wp\/v2\/pages\/434"}],"collection":[{"href":"https:\/\/mbstructures.fr\/index.php?rest_route=\/wp\/v2\/pages"}],"about":[{"href":"https:\/\/mbstructures.fr\/index.php?rest_route=\/wp\/v2\/types\/page"}],"author":[{"embeddable":true,"href":"https:\/\/mbstructures.fr\/index.php?rest_route=\/wp\/v2\/users\/1"}],"replies":[{"embeddable":true,"href":"https:\/\/mbstructures.fr\/index.php?rest_route=%2Fwp%2Fv2%2Fcomments&post=434"}],"version-history":[{"count":11,"href":"https:\/\/mbstructures.fr\/index.php?rest_route=\/wp\/v2\/pages\/434\/revisions"}],"predecessor-version":[{"id":1087,"href":"https:\/\/mbstructures.fr\/index.php?rest_route=\/wp\/v2\/pages\/434\/revisions\/1087"}],"wp:featuredmedia":[{"embeddable":true,"href":"https:\/\/mbstructures.fr\/index.php?rest_route=\/wp\/v2\/media\/977"}],"wp:attachment":[{"href":"https:\/\/mbstructures.fr\/index.php?rest_route=%2Fwp%2Fv2%2Fmedia&parent=434"}],"curies":[{"name":"wp","href":"https:\/\/api.w.org\/{rel}","templated":true}]}}