{"id":244,"date":"2018-02-06T18:30:35","date_gmt":"2018-02-06T17:30:35","guid":{"rendered":"http:\/\/mbstructures.fr\/?page_id=244"},"modified":"2022-01-02T17:46:32","modified_gmt":"2022-01-02T16:46:32","slug":"vous-etes-un-particulier","status":"publish","type":"page","link":"https:\/\/mbstructures.fr\/?page_id=244","title":{"rendered":"VILLAS INDIVIDUELLES"},"content":{"rendered":"<p><u>Notre aide dans vos d\u00e9marches, le devis est gratuit\u00a0<\/u>:<\/p>\n<ul>\n<li>Etudes structurelles de votre villa \u00e0 construire, les plans pour le gros oeuvre<\/li>\n<li>Diagnostic structurel des ouvrages existants<\/li>\n<li>Assistance technique pour le permis de construire<\/li>\n<li>Ouvertures dans les murs, r\u00e9am\u00e9nagement des pi\u00e8ces<\/li>\n<li>Agrandissements des villas<\/li>\n<li>Changement de destination des pi\u00e8ces<\/li>\n<li>Rajout d&rsquo;un niveau de sous-sol, reprises en sous oeuvre<\/li>\n<li>Sur\u00e9l\u00e9vation de la maison, modification de la charpente<\/li>\n<li>Aide en cours de chantier au constructeur<\/li>\n<li>Pr\u00e9conisations techniques et structurelles<\/li>\n<li>Ouvrages annexes, piscines, garages, cl\u00f4tures et murs de sout\u00e8nement<\/li>\n<\/ul>\n\n\n<p>Cr\u00e9ation d&rsquo;une ouverture dans un mur porteur, profil\u00e9s apparents en UPN, style moderne, villa individuelle ouverture s\u00e9jour \/ cuisine  <\/p>\n\n\n\n<figure class=\"wp-block-image size-large\"><img loading=\"lazy\" width=\"1024\" height=\"533\" src=\"https:\/\/mbstructures.fr\/wp-content\/uploads\/2021\/02\/FRED-1024x533.jpg\" alt=\"\" class=\"wp-image-927\" srcset=\"https:\/\/mbstructures.fr\/wp-content\/uploads\/2021\/02\/FRED-1024x533.jpg 1024w, https:\/\/mbstructures.fr\/wp-content\/uploads\/2021\/02\/FRED-300x156.jpg 300w, https:\/\/mbstructures.fr\/wp-content\/uploads\/2021\/02\/FRED-768x400.jpg 768w, https:\/\/mbstructures.fr\/wp-content\/uploads\/2021\/02\/FRED-600x312.jpg 600w, https:\/\/mbstructures.fr\/wp-content\/uploads\/2021\/02\/FRED.jpg 1684w\" sizes=\"(max-width: 1024px) 100vw, 1024px\" \/><figcaption>Villa individuelle \u00e0 Sommi\u00e8res <\/figcaption><\/figure>\n\n\n\n<figure class=\"wp-block-image size-large\"><img loading=\"lazy\" width=\"1024\" height=\"652\" src=\"https:\/\/mbstructures.fr\/wp-content\/uploads\/2021\/02\/capt-1-1024x652.jpg\" alt=\"\" class=\"wp-image-897\" srcset=\"https:\/\/mbstructures.fr\/wp-content\/uploads\/2021\/02\/capt-1-1024x652.jpg 1024w, https:\/\/mbstructures.fr\/wp-content\/uploads\/2021\/02\/capt-1-300x191.jpg 300w, https:\/\/mbstructures.fr\/wp-content\/uploads\/2021\/02\/capt-1-768x489.jpg 768w, https:\/\/mbstructures.fr\/wp-content\/uploads\/2021\/02\/capt-1-600x382.jpg 600w, https:\/\/mbstructures.fr\/wp-content\/uploads\/2021\/02\/capt-1.jpg 1369w\" sizes=\"(max-width: 1024px) 100vw, 1024px\" \/><figcaption>Villa individuelle \u00e0 Mauguio 2019 <\/figcaption><\/figure>\n\n\n\n<figure class=\"wp-block-image size-large\"><img loading=\"lazy\" width=\"1024\" height=\"574\" src=\"https:\/\/mbstructures.fr\/wp-content\/uploads\/2021\/02\/l\u00e9o-1024x574.jpg\" alt=\"\" class=\"wp-image-895\" srcset=\"https:\/\/mbstructures.fr\/wp-content\/uploads\/2021\/02\/l\u00e9o-1024x574.jpg 1024w, https:\/\/mbstructures.fr\/wp-content\/uploads\/2021\/02\/l\u00e9o-300x168.jpg 300w, https:\/\/mbstructures.fr\/wp-content\/uploads\/2021\/02\/l\u00e9o-768x430.jpg 768w, https:\/\/mbstructures.fr\/wp-content\/uploads\/2021\/02\/l\u00e9o-600x336.jpg 600w, https:\/\/mbstructures.fr\/wp-content\/uploads\/2021\/02\/l\u00e9o.jpg 1247w\" sizes=\"(max-width: 1024px) 100vw, 1024px\" \/><figcaption>Villa individuelle \u00e0 Montpellier<\/figcaption><\/figure>\n\n\n\n<figure class=\"wp-block-image size-large is-resized\"><img loading=\"lazy\" src=\"https:\/\/mbstructures.fr\/wp-content\/uploads\/2021\/02\/202-1024x576.jpg\" alt=\"\" class=\"wp-image-894\" width=\"840\" height=\"472\" srcset=\"https:\/\/mbstructures.fr\/wp-content\/uploads\/2021\/02\/202-1024x576.jpg 1024w, https:\/\/mbstructures.fr\/wp-content\/uploads\/2021\/02\/202-300x169.jpg 300w, https:\/\/mbstructures.fr\/wp-content\/uploads\/2021\/02\/202-768x432.jpg 768w, https:\/\/mbstructures.fr\/wp-content\/uploads\/2021\/02\/202-600x338.jpg 600w\" sizes=\"(max-width: 840px) 100vw, 840px\" \/><figcaption>Villa d&rsquo;architecte \u00e0 Castelnau le Lez 2020<\/figcaption><\/figure>\n\n\n\n<figure class=\"wp-block-image size-large\"><img loading=\"lazy\" width=\"1024\" height=\"576\" src=\"https:\/\/mbstructures.fr\/wp-content\/uploads\/2021\/02\/200-1024x576.jpg\" alt=\"\" class=\"wp-image-893\" srcset=\"https:\/\/mbstructures.fr\/wp-content\/uploads\/2021\/02\/200-1024x576.jpg 1024w, https:\/\/mbstructures.fr\/wp-content\/uploads\/2021\/02\/200-300x169.jpg 300w, https:\/\/mbstructures.fr\/wp-content\/uploads\/2021\/02\/200-768x432.jpg 768w, https:\/\/mbstructures.fr\/wp-content\/uploads\/2021\/02\/200-600x338.jpg 600w\" sizes=\"(max-width: 1024px) 100vw, 1024px\" \/><\/figure>\n\n\n\n<figure class=\"wp-block-gallery aligncenter columns-1 is-cropped\"><ul class=\"blocks-gallery-grid\"><li class=\"blocks-gallery-item\"><figure><img loading=\"lazy\" width=\"1024\" height=\"768\" src=\"http:\/\/mbstructures.fr\/wp-content\/uploads\/2019\/02\/IMG_6815-1024x768.jpg\" alt=\"\" data-id=\"336\" data-link=\"http:\/\/mbstructures.fr\/?attachment_id=336\" class=\"wp-image-336\" srcset=\"https:\/\/mbstructures.fr\/wp-content\/uploads\/2019\/02\/IMG_6815-1024x768.jpg 1024w, https:\/\/mbstructures.fr\/wp-content\/uploads\/2019\/02\/IMG_6815-600x450.jpg 600w, https:\/\/mbstructures.fr\/wp-content\/uploads\/2019\/02\/IMG_6815-300x225.jpg 300w, https:\/\/mbstructures.fr\/wp-content\/uploads\/2019\/02\/IMG_6815-768x576.jpg 768w, https:\/\/mbstructures.fr\/wp-content\/uploads\/2019\/02\/IMG_6815.jpg 1080w\" sizes=\"(max-width: 1024px) 100vw, 1024px\" \/><\/figure><\/li><\/ul><\/figure>\n\n\n\n<figure class=\"wp-block-gallery aligncenter columns-2 is-cropped\"><ul class=\"blocks-gallery-grid\"><li class=\"blocks-gallery-item\"><figure><img loading=\"lazy\" width=\"1024\" height=\"768\" src=\"http:\/\/mbstructures.fr\/wp-content\/uploads\/2019\/02\/IMG_6817-1024x768.jpg\" alt=\"\" data-id=\"337\" data-link=\"http:\/\/mbstructures.fr\/?attachment_id=337\" class=\"wp-image-337\" srcset=\"https:\/\/mbstructures.fr\/wp-content\/uploads\/2019\/02\/IMG_6817-1024x768.jpg 1024w, https:\/\/mbstructures.fr\/wp-content\/uploads\/2019\/02\/IMG_6817-600x450.jpg 600w, https:\/\/mbstructures.fr\/wp-content\/uploads\/2019\/02\/IMG_6817-300x225.jpg 300w, https:\/\/mbstructures.fr\/wp-content\/uploads\/2019\/02\/IMG_6817-768x576.jpg 768w, https:\/\/mbstructures.fr\/wp-content\/uploads\/2019\/02\/IMG_6817.jpg 1080w\" sizes=\"(max-width: 1024px) 100vw, 1024px\" \/><\/figure><\/li><li class=\"blocks-gallery-item\"><figure><img loading=\"lazy\" width=\"768\" height=\"1024\" src=\"http:\/\/mbstructures.fr\/wp-content\/uploads\/2019\/02\/IMG_6814-768x1024.jpg\" alt=\"\" data-id=\"338\" data-link=\"http:\/\/mbstructures.fr\/?attachment_id=338\" class=\"wp-image-338\" srcset=\"https:\/\/mbstructures.fr\/wp-content\/uploads\/2019\/02\/IMG_6814.jpg 768w, https:\/\/mbstructures.fr\/wp-content\/uploads\/2019\/02\/IMG_6814-600x800.jpg 600w, https:\/\/mbstructures.fr\/wp-content\/uploads\/2019\/02\/IMG_6814-225x300.jpg 225w\" sizes=\"(max-width: 768px) 100vw, 768px\" \/><\/figure><\/li><\/ul><\/figure>\n\n\n\n<p>La d\u00e9molition des murs porteurs pour cr\u00e9er des surfaces<\/p>\n\n\n\n<figure class=\"wp-block-gallery columns-1 is-cropped\"><ul class=\"blocks-gallery-grid\"><li class=\"blocks-gallery-item\"><figure><img loading=\"lazy\" width=\"1024\" height=\"768\" src=\"http:\/\/mbstructures.fr\/wp-content\/uploads\/2019\/09\/20190417_172203-3-e1569387283111-1024x768.jpg\" alt=\"\" data-id=\"445\" data-link=\"http:\/\/mbstructures.fr\/?attachment_id=445\" class=\"wp-image-445\" srcset=\"https:\/\/mbstructures.fr\/wp-content\/uploads\/2019\/09\/20190417_172203-3-e1569387283111-1024x768.jpg 1024w, https:\/\/mbstructures.fr\/wp-content\/uploads\/2019\/09\/20190417_172203-3-e1569387283111-600x450.jpg 600w, https:\/\/mbstructures.fr\/wp-content\/uploads\/2019\/09\/20190417_172203-3-e1569387283111-300x225.jpg 300w, https:\/\/mbstructures.fr\/wp-content\/uploads\/2019\/09\/20190417_172203-3-e1569387283111-768x576.jpg 768w\" sizes=\"(max-width: 1024px) 100vw, 1024px\" \/><figcaption class=\"blocks-gallery-item__caption\">La d\u00e9molition d&rsquo;une cloison porteuse en RDC dans une maison de ville \u00e0 Montpellier<\/figcaption><\/figure><\/li><\/ul><\/figure>\n\n\n\n<figure class=\"wp-block-image\"><img loading=\"lazy\" width=\"1024\" height=\"768\" src=\"http:\/\/mbstructures.fr\/wp-content\/uploads\/2021\/02\/20190827_094231-1024x768.jpg\" alt=\"\" class=\"wp-image-854\" srcset=\"https:\/\/mbstructures.fr\/wp-content\/uploads\/2021\/02\/20190827_094231-1024x768.jpg 1024w, https:\/\/mbstructures.fr\/wp-content\/uploads\/2021\/02\/20190827_094231-600x450.jpg 600w, https:\/\/mbstructures.fr\/wp-content\/uploads\/2021\/02\/20190827_094231-300x225.jpg 300w, https:\/\/mbstructures.fr\/wp-content\/uploads\/2021\/02\/20190827_094231-768x576.jpg 768w\" sizes=\"(max-width: 1024px) 100vw, 1024px\" \/><figcaption>L&rsquo;ouverture d&rsquo;une fa\u00e7ade porteuse d&rsquo;une villa \u00e0 la Grande Motte<\/figcaption><\/figure>\n","protected":false},"excerpt":{"rendered":"<p>Notre aide dans vos d\u00e9marches, le devis est gratuit\u00a0: Etudes structurelles de votre villa \u00e0 construire, les plans pour le gros oeuvre Diagnostic structurel des ouvrages existants Assistance technique pour le permis de construire Ouvertures<a class=\"moretag\" href=\"https:\/\/mbstructures.fr\/?page_id=244\"> Lire la suite&hellip;<\/a><\/p>\n","protected":false},"author":1,"featured_media":1019,"parent":0,"menu_order":0,"comment_status":"closed","ping_status":"closed","template":"","meta":[],"_links":{"self":[{"href":"https:\/\/mbstructures.fr\/index.php?rest_route=\/wp\/v2\/pages\/244"}],"collection":[{"href":"https:\/\/mbstructures.fr\/index.php?rest_route=\/wp\/v2\/pages"}],"about":[{"href":"https:\/\/mbstructures.fr\/index.php?rest_route=\/wp\/v2\/types\/page"}],"author":[{"embeddable":true,"href":"https:\/\/mbstructures.fr\/index.php?rest_route=\/wp\/v2\/users\/1"}],"replies":[{"embeddable":true,"href":"https:\/\/mbstructures.fr\/index.php?rest_route=%2Fwp%2Fv2%2Fcomments&post=244"}],"version-history":[{"count":16,"href":"https:\/\/mbstructures.fr\/index.php?rest_route=\/wp\/v2\/pages\/244\/revisions"}],"predecessor-version":[{"id":1093,"href":"https:\/\/mbstructures.fr\/index.php?rest_route=\/wp\/v2\/pages\/244\/revisions\/1093"}],"wp:featuredmedia":[{"embeddable":true,"href":"https:\/\/mbstructures.fr\/index.php?rest_route=\/wp\/v2\/media\/1019"}],"wp:attachment":[{"href":"https:\/\/mbstructures.fr\/index.php?rest_route=%2Fwp%2Fv2%2Fmedia&parent=244"}],"curies":[{"name":"wp","href":"https:\/\/api.w.org\/{rel}","templated":true}]}}