{"id":239,"date":"2018-02-06T18:23:06","date_gmt":"2018-02-06T17:23:06","guid":{"rendered":"http:\/\/mbstructures.fr\/?page_id=239"},"modified":"2022-01-02T17:43:22","modified_gmt":"2022-01-02T16:43:22","slug":"entreprise","status":"publish","type":"page","link":"https:\/\/mbstructures.fr\/?page_id=239","title":{"rendered":"POUR LES ENTREPRISES \/ TRAVAUX NEUFS"},"content":{"rendered":"<p><u>Notre valeur ajout\u00e9e <\/u>:<\/p>\n<ul>\n<li>Recherche des solutions pertinentes et optimisation structures<\/li>\n<li>Force de proposition et analyse des choix techniques dans le g\u00e9otechnique<\/li>\n<li>R\u00e9activit\u00e9 et la disponibilit\u00e9 aupr\u00e8s des \u00e9quipes du projet<\/li>\n<li>Innovation et utilisation des nouvelles technologies<\/li>\n<li>Respect des plannings et suivi des engagements<\/li>\n<li>Le renforcement des ouvrages existants, les rapports diagnostics<\/li>\n<li>Les solutions pertinentes<\/li>\n<li>Les missions EXE<\/li>\n<\/ul>\n\n\n<figure class=\"wp-block-image size-large\"><img loading=\"lazy\" width=\"1024\" height=\"514\" src=\"https:\/\/mbstructures.fr\/wp-content\/uploads\/2021\/02\/prison-1024x514.jpg\" alt=\"\" class=\"wp-image-865\" srcset=\"https:\/\/mbstructures.fr\/wp-content\/uploads\/2021\/02\/prison-1024x514.jpg 1024w, https:\/\/mbstructures.fr\/wp-content\/uploads\/2021\/02\/prison-300x150.jpg 300w, https:\/\/mbstructures.fr\/wp-content\/uploads\/2021\/02\/prison-768x385.jpg 768w, https:\/\/mbstructures.fr\/wp-content\/uploads\/2021\/02\/prison-600x301.jpg 600w, https:\/\/mbstructures.fr\/wp-content\/uploads\/2021\/02\/prison.jpg 1244w\" sizes=\"(max-width: 1024px) 100vw, 1024px\" \/><figcaption>L&rsquo;extension de la maison d&rsquo;arr\u00eat de N\u00eemes, phase de APD PRO EXE 2020 2022 <\/figcaption><\/figure>\n\n\n\n<figure class=\"wp-block-image size-full\"><img loading=\"lazy\" width=\"897\" height=\"513\" src=\"https:\/\/mbstructures.fr\/wp-content\/uploads\/2019\/09\/ANGELOTTI.jpg\" alt=\"\" class=\"wp-image-452\" srcset=\"https:\/\/mbstructures.fr\/wp-content\/uploads\/2019\/09\/ANGELOTTI.jpg 897w, https:\/\/mbstructures.fr\/wp-content\/uploads\/2019\/09\/ANGELOTTI-600x343.jpg 600w, https:\/\/mbstructures.fr\/wp-content\/uploads\/2019\/09\/ANGELOTTI-300x172.jpg 300w, https:\/\/mbstructures.fr\/wp-content\/uploads\/2019\/09\/ANGELOTTI-768x439.jpg 768w\" sizes=\"(max-width: 897px) 100vw, 897px\" \/><figcaption>Le b\u00e2timent collectif de 80 logements \u00e0 B\u00e9ziers, phase APD PRO EXE 2020 <\/figcaption><\/figure>\n\n\n\n<figure class=\"wp-block-image size-full\"><img loading=\"lazy\" width=\"768\" height=\"521\" src=\"https:\/\/mbstructures.fr\/wp-content\/uploads\/2019\/09\/ARCADE.jpg\" alt=\"\" class=\"wp-image-455\" srcset=\"https:\/\/mbstructures.fr\/wp-content\/uploads\/2019\/09\/ARCADE.jpg 768w, https:\/\/mbstructures.fr\/wp-content\/uploads\/2019\/09\/ARCADE-600x407.jpg 600w, https:\/\/mbstructures.fr\/wp-content\/uploads\/2019\/09\/ARCADE-300x204.jpg 300w\" sizes=\"(max-width: 768px) 100vw, 768px\" \/><figcaption>La r\u00e9sidence \u00e0 S\u00e8te, phases APD PRO EXE 2020<\/figcaption><\/figure>\n\n\n\n<figure class=\"wp-block-image size-large\"><img loading=\"lazy\" width=\"1024\" height=\"578\" src=\"https:\/\/mbstructures.fr\/wp-content\/uploads\/2021\/02\/Capture-1024x578.jpg\" alt=\"\" class=\"wp-image-847\" srcset=\"https:\/\/mbstructures.fr\/wp-content\/uploads\/2021\/02\/Capture-1024x578.jpg 1024w, https:\/\/mbstructures.fr\/wp-content\/uploads\/2021\/02\/Capture-600x339.jpg 600w, https:\/\/mbstructures.fr\/wp-content\/uploads\/2021\/02\/Capture-300x169.jpg 300w, https:\/\/mbstructures.fr\/wp-content\/uploads\/2021\/02\/Capture-768x434.jpg 768w, https:\/\/mbstructures.fr\/wp-content\/uploads\/2021\/02\/Capture.jpg 1089w\" sizes=\"(max-width: 1024px) 100vw, 1024px\" \/><figcaption>Les logements sociaux \u00e0 Maraussan APD PRO DCE EXE 2020<\/figcaption><\/figure>\n\n\n\n<figure class=\"wp-block-image size-large\"><img loading=\"lazy\" width=\"1024\" height=\"512\" src=\"https:\/\/mbstructures.fr\/wp-content\/uploads\/2021\/02\/er-1024x512.jpg\" alt=\"\" class=\"wp-image-863\" srcset=\"https:\/\/mbstructures.fr\/wp-content\/uploads\/2021\/02\/er-1024x512.jpg 1024w, https:\/\/mbstructures.fr\/wp-content\/uploads\/2021\/02\/er-300x150.jpg 300w, https:\/\/mbstructures.fr\/wp-content\/uploads\/2021\/02\/er-768x384.jpg 768w, https:\/\/mbstructures.fr\/wp-content\/uploads\/2021\/02\/er-600x300.jpg 600w, https:\/\/mbstructures.fr\/wp-content\/uploads\/2021\/02\/er.jpg 1266w\" sizes=\"(max-width: 1024px) 100vw, 1024px\" \/><\/figure>\n\n\n\n<figure class=\"wp-block-image size-large\"><img loading=\"lazy\" width=\"1024\" height=\"606\" src=\"https:\/\/mbstructures.fr\/wp-content\/uploads\/2021\/02\/20210214_183551-1024x606.jpg\" alt=\"\" class=\"wp-image-884\" srcset=\"https:\/\/mbstructures.fr\/wp-content\/uploads\/2021\/02\/20210214_183551-1024x606.jpg 1024w, https:\/\/mbstructures.fr\/wp-content\/uploads\/2021\/02\/20210214_183551-300x177.jpg 300w, https:\/\/mbstructures.fr\/wp-content\/uploads\/2021\/02\/20210214_183551-768x454.jpg 768w, https:\/\/mbstructures.fr\/wp-content\/uploads\/2021\/02\/20210214_183551-600x355.jpg 600w, https:\/\/mbstructures.fr\/wp-content\/uploads\/2021\/02\/20210214_183551.jpg 1532w\" sizes=\"(max-width: 1024px) 100vw, 1024px\" \/><\/figure>\n","protected":false},"excerpt":{"rendered":"<p>Notre valeur ajout\u00e9e : Recherche des solutions pertinentes et optimisation structures Force de proposition et analyse des choix techniques dans le g\u00e9otechnique R\u00e9activit\u00e9 et la disponibilit\u00e9 aupr\u00e8s des \u00e9quipes du projet Innovation et utilisation des<a class=\"moretag\" href=\"https:\/\/mbstructures.fr\/?page_id=239\"> Lire la suite&hellip;<\/a><\/p>\n","protected":false},"author":1,"featured_media":0,"parent":0,"menu_order":0,"comment_status":"closed","ping_status":"closed","template":"","meta":[],"_links":{"self":[{"href":"https:\/\/mbstructures.fr\/index.php?rest_route=\/wp\/v2\/pages\/239"}],"collection":[{"href":"https:\/\/mbstructures.fr\/index.php?rest_route=\/wp\/v2\/pages"}],"about":[{"href":"https:\/\/mbstructures.fr\/index.php?rest_route=\/wp\/v2\/types\/page"}],"author":[{"embeddable":true,"href":"https:\/\/mbstructures.fr\/index.php?rest_route=\/wp\/v2\/users\/1"}],"replies":[{"embeddable":true,"href":"https:\/\/mbstructures.fr\/index.php?rest_route=%2Fwp%2Fv2%2Fcomments&post=239"}],"version-history":[{"count":12,"href":"https:\/\/mbstructures.fr\/index.php?rest_route=\/wp\/v2\/pages\/239\/revisions"}],"predecessor-version":[{"id":1091,"href":"https:\/\/mbstructures.fr\/index.php?rest_route=\/wp\/v2\/pages\/239\/revisions\/1091"}],"wp:attachment":[{"href":"https:\/\/mbstructures.fr\/index.php?rest_route=%2Fwp%2Fv2%2Fmedia&parent=239"}],"curies":[{"name":"wp","href":"https:\/\/api.w.org\/{rel}","templated":true}]}}