{"id":2,"date":"2018-01-21T14:46:20","date_gmt":"2018-01-21T13:46:20","guid":{"rendered":"http:\/\/mbstructures.fr\/?page_id=2"},"modified":"2023-06-03T11:24:17","modified_gmt":"2023-06-03T09:24:17","slug":"page-d-exemple","status":"publish","type":"page","link":"https:\/\/mbstructures.fr\/","title":{"rendered":"Accueil"},"content":{"rendered":"<p>Fort de plus de 25 ans de collaboration aux c\u00f4t\u00e9s des diff\u00e9rents acteurs de la Construction, MB Structures conseille, con\u00e7oit, optimise, calcule les structures et dessine les plans tout au long de la vie des projets de toute taille : de l\u2019ouverture de baie dans l\u2019existant \u00e0 la construction de b\u00e2timents neufs et d\u2019ouvrages d\u2019art, \u00e0 la r\u00e9habilitation d\u2019immeubles, etc.&nbsp;Notre bureau d&rsquo;\u00e9tudes intervient sur des projets de toute taille, \u00e0 Montpellier, Marseille, N\u00eemes, B\u00e9ziers, Perpignan et Narbonne&nbsp;dans les domaines suivants :<\/p>\n<ul>\n<li>B\u00e2timent (Logements, Tertiaire, H\u00f4pitaux, Ecoles, \u2026)<\/li>\n<li>Industrie (Hall, Process, \u2026)<\/li>\n<li>G\u00e9nie Civil (Stations d\u2019Epurations, R\u00e9servoirs)<\/li>\n<li>Ouvrages Hydrauliques (Bassins de r\u00e9tention, Chambres de tirage)<\/li>\n<\/ul>\n<p>&nbsp;MB Structures est un bureau d\u2019\u00e9tudes techniques d\u2019ing\u00e9nierie, sp\u00e9cialiste des structures tous mat\u00e9riaux : b\u00e9ton arm\u00e9, pr\u00e9contraint, bois, m\u00e9tal, pierre, pis\u00e9 et terre crue, structures l\u00e9g\u00e8res. Que ce soit pour des nouveaux b\u00e2timents ou des projets de restructuration de b\u00e2timents anciens \u00e0 valeur patrimoniale, les sch\u00e9mas structurels propos\u00e9s cherchent toujours \u00e0 r\u00e9pondre au programme fonctionnel et au parti pris architectural.&nbsp;<\/p>\n<p><span>25 years of experience of civil engineering gained in national and international market. We<\/span><span>&nbsp;collaborate in new projects such as industrial factories, stores, hospitals, schools and civil engineering. During our professional carrier we obtained experience in the different categories of calculation: concrete, earthquake, dynamics and geotechnical models.&nbsp;<\/span><br><span>Our job involves diverse roles generally related to the diverse stages of the project: preparation, design phase, optimization and realization, control of quality and assistance. We also have experience in repairing and reinforcing structures in civil housing, infrastructures and foundations.<\/span><\/p>\n\n\n<div class=\"wp-block-cover has-background-dim\"><img loading=\"lazy\" width=\"1354\" height=\"773\" class=\"wp-block-cover__image-background wp-image-943\" alt=\"\" src=\"https:\/\/mbstructures.fr\/wp-content\/uploads\/2021\/02\/st-st.jpg\" data-object-fit=\"cover\" srcset=\"https:\/\/mbstructures.fr\/wp-content\/uploads\/2021\/02\/st-st.jpg 1354w, https:\/\/mbstructures.fr\/wp-content\/uploads\/2021\/02\/st-st-300x171.jpg 300w, https:\/\/mbstructures.fr\/wp-content\/uploads\/2021\/02\/st-st-768x438.jpg 768w, https:\/\/mbstructures.fr\/wp-content\/uploads\/2021\/02\/st-st-1024x585.jpg 1024w, https:\/\/mbstructures.fr\/wp-content\/uploads\/2021\/02\/st-st-600x343.jpg 600w\" sizes=\"(max-width: 1354px) 100vw, 1354px\" \/><div class=\"wp-block-cover__inner-container\">\n<p class=\"has-text-align-center has-large-font-size\"><a href=\"https:\/\/mbstructures.fr\/?page_id=239\" data-type=\"page\" data-id=\"239\"><span class=\"has-inline-color has-white-color\"><strong>POUR LES ENTREPRISES \/ TRAVAUX NEUFS<\/strong><\/span><\/a><\/p>\n<\/div><\/div>\n\n\n\n<div class=\"wp-block-cover has-background-dim\"><img loading=\"lazy\" width=\"1532\" height=\"1006\" class=\"wp-block-cover__image-background wp-image-875\" alt=\"\" src=\"https:\/\/mbstructures.fr\/wp-content\/uploads\/2021\/02\/20210209_112149.jpg\" data-object-fit=\"cover\" srcset=\"https:\/\/mbstructures.fr\/wp-content\/uploads\/2021\/02\/20210209_112149.jpg 1532w, https:\/\/mbstructures.fr\/wp-content\/uploads\/2021\/02\/20210209_112149-300x197.jpg 300w, https:\/\/mbstructures.fr\/wp-content\/uploads\/2021\/02\/20210209_112149-768x504.jpg 768w, https:\/\/mbstructures.fr\/wp-content\/uploads\/2021\/02\/20210209_112149-1024x672.jpg 1024w, https:\/\/mbstructures.fr\/wp-content\/uploads\/2021\/02\/20210209_112149-600x394.jpg 600w\" sizes=\"(max-width: 1532px) 100vw, 1532px\" \/><div class=\"wp-block-cover__inner-container\">\n<p class=\"has-text-align-center has-large-font-size\"><a href=\"https:\/\/mbstructures.fr\/?page_id=192\" data-type=\"page\" data-id=\"192\"><span class=\"has-inline-color has-white-color\"><strong>POUR LES ARCHITECTES<\/strong><\/span><\/a><\/p>\n<\/div><\/div>\n\n\n\n<div class=\"wp-block-cover has-background-dim\"><img loading=\"lazy\" width=\"2268\" height=\"1276\" class=\"wp-block-cover__image-background wp-image-893\" alt=\"\" src=\"https:\/\/mbstructures.fr\/wp-content\/uploads\/2021\/02\/200.jpg\" data-object-fit=\"cover\" srcset=\"https:\/\/mbstructures.fr\/wp-content\/uploads\/2021\/02\/200.jpg 2268w, https:\/\/mbstructures.fr\/wp-content\/uploads\/2021\/02\/200-300x169.jpg 300w, https:\/\/mbstructures.fr\/wp-content\/uploads\/2021\/02\/200-768x432.jpg 768w, https:\/\/mbstructures.fr\/wp-content\/uploads\/2021\/02\/200-1024x576.jpg 1024w, https:\/\/mbstructures.fr\/wp-content\/uploads\/2021\/02\/200-600x338.jpg 600w\" sizes=\"(max-width: 2268px) 100vw, 2268px\" \/><div class=\"wp-block-cover__inner-container\">\n<p class=\"has-text-align-center has-large-font-size\"><a href=\"https:\/\/mbstructures.fr\/?page_id=244\" data-type=\"page\" data-id=\"244\"><span class=\"has-inline-color has-white-color\"><strong>VILLAS INDIVIDUELLES<\/strong><\/span><\/a><\/p>\n<\/div><\/div>\n\n\n\n<div class=\"wp-block-cover has-background-dim\"><img loading=\"lazy\" width=\"4032\" height=\"3024\" class=\"wp-block-cover__image-background wp-image-851\" alt=\"\" src=\"https:\/\/mbstructures.fr\/wp-content\/uploads\/2021\/02\/20200707_110537.jpg\" data-object-fit=\"cover\" srcset=\"https:\/\/mbstructures.fr\/wp-content\/uploads\/2021\/02\/20200707_110537.jpg 4032w, https:\/\/mbstructures.fr\/wp-content\/uploads\/2021\/02\/20200707_110537-600x450.jpg 600w, https:\/\/mbstructures.fr\/wp-content\/uploads\/2021\/02\/20200707_110537-300x225.jpg 300w, https:\/\/mbstructures.fr\/wp-content\/uploads\/2021\/02\/20200707_110537-768x576.jpg 768w, https:\/\/mbstructures.fr\/wp-content\/uploads\/2021\/02\/20200707_110537-1024x768.jpg 1024w\" sizes=\"(max-width: 4032px) 100vw, 4032px\" \/><div class=\"wp-block-cover__inner-container\">\n<p class=\"has-text-align-center has-large-font-size\"><a href=\"https:\/\/mbstructures.fr\/?page_id=434\" data-type=\"page\" data-id=\"434\"><strong><span class=\"has-inline-color has-white-color\">RENOVATION LOURDE<\/span><\/strong><\/a><\/p>\n<\/div><\/div>\n\n\n\n<div class=\"wp-block-cover has-background-dim\"><img loading=\"lazy\" width=\"1920\" height=\"2879\" class=\"wp-block-cover__image-background wp-image-1019\" alt=\"\" src=\"https:\/\/mbstructures.fr\/wp-content\/uploads\/2021\/12\/guogete-wAKeiJdB5WY-unsplash.jpg\" data-object-fit=\"cover\" srcset=\"https:\/\/mbstructures.fr\/wp-content\/uploads\/2021\/12\/guogete-wAKeiJdB5WY-unsplash.jpg 1920w, https:\/\/mbstructures.fr\/wp-content\/uploads\/2021\/12\/guogete-wAKeiJdB5WY-unsplash-200x300.jpg 200w, https:\/\/mbstructures.fr\/wp-content\/uploads\/2021\/12\/guogete-wAKeiJdB5WY-unsplash-768x1152.jpg 768w, https:\/\/mbstructures.fr\/wp-content\/uploads\/2021\/12\/guogete-wAKeiJdB5WY-unsplash-683x1024.jpg 683w, https:\/\/mbstructures.fr\/wp-content\/uploads\/2021\/12\/guogete-wAKeiJdB5WY-unsplash-600x900.jpg 600w\" sizes=\"(max-width: 1920px) 100vw, 1920px\" \/><div class=\"wp-block-cover__inner-container\">\n<p class=\"has-text-align-center has-large-font-size\"><a href=\"https:\/\/mbstructures.fr\/?page_id=870\" data-type=\"page\" data-id=\"870\"><strong><span class=\"has-inline-color has-white-color\">NOS PARTENAIRES<\/span><\/strong><\/a><\/p>\n<\/div><\/div>\n\n\n\n<div class=\"wp-block-cover has-background-dim\"><img loading=\"lazy\" width=\"640\" height=\"427\" class=\"wp-block-cover__image-background wp-image-1028\" alt=\"\" src=\"https:\/\/mbstructures.fr\/wp-content\/uploads\/2021\/12\/b\u00e9ton-arm\u00e9.jpg\" data-object-fit=\"cover\" srcset=\"https:\/\/mbstructures.fr\/wp-content\/uploads\/2021\/12\/b\u00e9ton-arm\u00e9.jpg 640w, https:\/\/mbstructures.fr\/wp-content\/uploads\/2021\/12\/b\u00e9ton-arm\u00e9-300x200.jpg 300w, https:\/\/mbstructures.fr\/wp-content\/uploads\/2021\/12\/b\u00e9ton-arm\u00e9-360x240.jpg 360w, https:\/\/mbstructures.fr\/wp-content\/uploads\/2021\/12\/b\u00e9ton-arm\u00e9-600x400.jpg 600w\" sizes=\"(max-width: 640px) 100vw, 640px\" \/><div class=\"wp-block-cover__inner-container\">\n<p class=\"has-text-align-center has-large-font-size\"><a href=\"https:\/\/mbstructures.fr\/?page_id=921\" data-type=\"page\" data-id=\"921\"><span class=\"has-inline-color has-white-color\"><strong>ACTUALITES EN PHOTOS<\/strong><\/span><\/a><\/p>\n<\/div><\/div>\n\n\n\n<div class=\"wp-block-image\"><figure class=\"aligncenter is-resized\"><img loading=\"lazy\" src=\"http:\/\/mbstructures.fr\/wp-content\/uploads\/2021\/12\/IMG_20211211_185700_resized_20211218_091204795.jpg\" alt=\"\" class=\"wp-image-1033\" width=\"417\" height=\"313\" srcset=\"https:\/\/mbstructures.fr\/wp-content\/uploads\/2021\/12\/IMG_20211211_185700_resized_20211218_091204795.jpg 1824w, https:\/\/mbstructures.fr\/wp-content\/uploads\/2021\/12\/IMG_20211211_185700_resized_20211218_091204795-300x225.jpg 300w, https:\/\/mbstructures.fr\/wp-content\/uploads\/2021\/12\/IMG_20211211_185700_resized_20211218_091204795-768x576.jpg 768w, https:\/\/mbstructures.fr\/wp-content\/uploads\/2021\/12\/IMG_20211211_185700_resized_20211218_091204795-1024x768.jpg 1024w, https:\/\/mbstructures.fr\/wp-content\/uploads\/2021\/12\/IMG_20211211_185700_resized_20211218_091204795-600x450.jpg 600w\" sizes=\"(max-width: 417px) 100vw, 417px\" \/><figcaption>Notre \u00e9quipe 2021<\/figcaption><\/figure><\/div>\n\n\n\n<style>\r\n\r\n#wpsm_counter_b_row_1024 .wpsm_counterbox\r\n{\r\n\ttext-align:center;\r\n\tmargin-top:50px;\r\n\tmargin-bottom:50px;\r\n}\r\n#wpsm_counter_b_row_1024 .wpsm_counterbox .wpsm_count-icon{\r\n\tdisplay:block;\r\n\tmargin-top:20px;\r\n\tpadding-top:0px;\r\n\tpadding-bottom:0px;\r\n\tmargin-bottom:0px;\r\n\tmargin:0 auto;\r\n}\r\n#wpsm_counter_b_row_1024 .wpsm_counterbox .wpsm_count-icon i{\r\n\tfont-size:35px;\r\n\tcolor:#ffffff;\r\n}\r\n#wpsm_counter_b_row_1024 .wpsm_counterbox .wpsm_number{\r\n\tfont-size:38px;\r\n\tfont-weight:500;\r\n\tcolor:#ffffff;\r\n\tfont-family:'Open Sans';\r\n\tletter-spacing:2px;\r\n\tmargin-top:20px;\r\n\tline-height: 1.3em;\r\n\tpadding-top:0px;\r\n\tpadding-bottom:0px;\r\n\tmargin-bottom:0px;\r\n}\r\n#wpsm_counter_b_row_1024 .wpsm_counterbox .wpsm_count-title{\r\n    font-size:20px;\r\n\tfont-weight:bolder;\r\n\tfont-family:'Open Sans';\r\n\tletter-spacing:2px;\r\n    color: #ffffff;\r\n\tfont-weight:500;\r\n\tmargin-top:20px;\r\n\tpadding-top:0px;\r\n\tpadding-bottom:0px;\r\n\tmargin-bottom:0px;\r\n\tline-height: 1.3em;\r\n}\r\n\r\n<\/style> \r\n\t\t \r\n\t\t\r\n\t\t<style>\r\n\t\t#wpsm_counter_b_row_1024\t\t\t{\r\n\t\t\t\t\r\n\t\t\t\tposition:relative;\r\n\t\t\t\twidth:100%;\r\n\t\t\t\toverflow:hidden;\r\n\t\t\t\ttext-align:center;\r\n\t\t\t}\r\n\t\t\t \r\n\t\t\t#wpsm_counter_b_row_1024 .wpsm_row{\r\n\t\t\toverflow:hidden;\r\n\t\t\tdisplay:block;\r\n\t\t\twidth:100%;\r\n\t\t\t} \r\n\t\t\t \r\n\t\t\t#wpsm_counter_b_row_1024 .wpsm_row{\r\n\t\t\toverflow:visible;\r\n\t\t\t} \r\n\t\t\t \r\n\t\t\t#wpsm_counter_b_row_1024 .wpsm_counterbox .wpsm_count-title{\r\n\t\t\tmin-height:56px;\r\n\t\t\t}}\r\n\t\t\t \r\n\t\t<\/style>\r\n\t\t\r\n\t\t<div class=\"wpsm_counter_b_row\" id=\"wpsm_counter_b_row_1024\">\r\n\t\t\t<div>\r\n\t\t\t\t<div class=\"wpsm_row\">\r\n\t\t\r\n\t\t\t\t\t\t<div class=\"wpsm_col-md-4 wpsm_col-sm-6\">\r\n\t\t\t\t\t<div class=\"wpsm_counterbox\">\r\n\t\t\t\t\t\t \r\n\t\t\t\t\t\t<div class=\"wpsm_count-icon\"><i #ffffff class=\"fa fa-industry\"><\/i><\/div>\r\n\t\t\t\t\t\t\t\t\t\t\t\t<div class=\"wpsm_number\" style=\"#ffffff\" >\r\n\t\t\t\t\t\t   <span class=\"counter\">256\t\t\t\t\t\t   <\/span>\r\n\t\t\t\t\t\t    \r\n\t\t\t\t\t    <\/div>\r\n\t\t\t\t\t\t<h3 class=\"wpsm_count-title\" #ffffff> CLIENTS PRO<\/h3>\r\n\t\t\t\t\t\t \r\n\t\t\t\t\t<\/div>\r\n\t\t\t\t<\/div>\r\n\t\t\t\t\t\t\t\t\t<div class=\"wpsm_col-md-4 wpsm_col-sm-6\">\r\n\t\t\t\t\t<div class=\"wpsm_counterbox\">\r\n\t\t\t\t\t\t \r\n\t\t\t\t\t\t<div class=\"wpsm_count-icon\"><i #ffffff class=\"fa fa-laptop\"><\/i><\/div>\r\n\t\t\t\t\t\t\t\t\t\t\t\t<div class=\"wpsm_number\" style=\"#ffffff\" >\r\n\t\t\t\t\t\t   <span class=\"counter\">524\t\t\t\t\t\t   <\/span>\r\n\t\t\t\t\t\t    \r\n\t\t\t\t\t    <\/div>\r\n\t\t\t\t\t\t<h3 class=\"wpsm_count-title\" #ffffff> PROJETS<\/h3>\r\n\t\t\t\t\t\t \r\n\t\t\t\t\t<\/div>\r\n\t\t\t\t<\/div>\r\n\t\t\t\t\t\t\t\r\n\t\t\t<\/div>\t\t\t\t<\/div>\r\n\t\t<\/div>\r\n\t\t\r\n\t\n","protected":false},"excerpt":{"rendered":"<p>Fort de plus de 25 ans de collaboration aux c\u00f4t\u00e9s des diff\u00e9rents acteurs de la Construction, MB Structures conseille, con\u00e7oit, optimise, calcule les structures et dessine les plans tout au long de la vie des<a class=\"moretag\" href=\"https:\/\/mbstructures.fr\/?p=1024\"> Lire la suite&hellip;<\/a><\/p>\n","protected":false},"author":1,"featured_media":0,"parent":0,"menu_order":0,"comment_status":"closed","ping_status":"open","template":"","meta":[],"_links":{"self":[{"href":"https:\/\/mbstructures.fr\/index.php?rest_route=\/wp\/v2\/pages\/2"}],"collection":[{"href":"https:\/\/mbstructures.fr\/index.php?rest_route=\/wp\/v2\/pages"}],"about":[{"href":"https:\/\/mbstructures.fr\/index.php?rest_route=\/wp\/v2\/types\/page"}],"author":[{"embeddable":true,"href":"https:\/\/mbstructures.fr\/index.php?rest_route=\/wp\/v2\/users\/1"}],"replies":[{"embeddable":true,"href":"https:\/\/mbstructures.fr\/index.php?rest_route=%2Fwp%2Fv2%2Fcomments&post=2"}],"version-history":[{"count":46,"href":"https:\/\/mbstructures.fr\/index.php?rest_route=\/wp\/v2\/pages\/2\/revisions"}],"predecessor-version":[{"id":1095,"href":"https:\/\/mbstructures.fr\/index.php?rest_route=\/wp\/v2\/pages\/2\/revisions\/1095"}],"wp:attachment":[{"href":"https:\/\/mbstructures.fr\/index.php?rest_route=%2Fwp%2Fv2%2Fmedia&parent=2"}],"curies":[{"name":"wp","href":"https:\/\/api.w.org\/{rel}","templated":true}]}}