{"id":192,"date":"2018-01-25T17:29:19","date_gmt":"2018-01-25T16:29:19","guid":{"rendered":"http:\/\/mbstructures.fr\/?page_id=192"},"modified":"2022-01-03T18:46:23","modified_gmt":"2022-01-03T17:46:23","slug":"vous-etes-de-metier","status":"publish","type":"page","link":"https:\/\/mbstructures.fr\/?page_id=192","title":{"rendered":"POUR LES ARCHITECTES"},"content":{"rendered":"<p>Sp\u00e9cialiste de l\u2019Ing\u00e9nierie des Structures,&nbsp;MB&nbsp;STRUCTURES con\u00e7oit, optimise, et r\u00e9alise les \u00e9tudes de d\u00e9tails de tout type de structures dans les domaines suivants :<\/p>\n<p>B\u00e2timent (Logements, Tertiaire, H\u00f4pitaux, Ecoles, \u2026)<\/p>\n<p>Industrie (Hall, Process, \u2026)<\/p>\n<p>G\u00e9nie Civil (Stations d\u2019Epurations, R\u00e9servoirs)<\/p>\n<p>Ouvrages Hydrauliques (Bassins de r\u00e9tention, Chambre de tirage)<\/p>\n<p><img loading=\"lazy\" src=\"http:\/\/mbstructures.fr\/wp-content\/uploads\/2021\/02\/pers-1024x675.jpg\" alt=\"\" width=\"750\" height=\"494\" class=\"aligncenter wp-image-843 size-large\" srcset=\"https:\/\/mbstructures.fr\/wp-content\/uploads\/2021\/02\/pers-1024x675.jpg 1024w, https:\/\/mbstructures.fr\/wp-content\/uploads\/2021\/02\/pers-600x395.jpg 600w, https:\/\/mbstructures.fr\/wp-content\/uploads\/2021\/02\/pers-300x198.jpg 300w, https:\/\/mbstructures.fr\/wp-content\/uploads\/2021\/02\/pers-768x506.jpg 768w\" sizes=\"(max-width: 750px) 100vw, 750px\" \/><\/p>\n<p><img loading=\"lazy\" src=\"http:\/\/mbstructures.fr\/wp-content\/uploads\/2019\/09\/ANGELOTTI.jpg\" alt=\"\" width=\"897\" height=\"513\" class=\"aligncenter wp-image-452 size-full\" srcset=\"https:\/\/mbstructures.fr\/wp-content\/uploads\/2019\/09\/ANGELOTTI.jpg 897w, https:\/\/mbstructures.fr\/wp-content\/uploads\/2019\/09\/ANGELOTTI-600x343.jpg 600w, https:\/\/mbstructures.fr\/wp-content\/uploads\/2019\/09\/ANGELOTTI-300x172.jpg 300w, https:\/\/mbstructures.fr\/wp-content\/uploads\/2019\/09\/ANGELOTTI-768x439.jpg 768w\" sizes=\"(max-width: 897px) 100vw, 897px\" \/><\/p>\n\n\n<figure class=\"wp-block-image\"><img loading=\"lazy\" width=\"1024\" height=\"578\" src=\"http:\/\/mbstructures.fr\/wp-content\/uploads\/2021\/02\/Capture-1-1024x578.jpg\" alt=\"\" class=\"wp-image-848\" srcset=\"https:\/\/mbstructures.fr\/wp-content\/uploads\/2021\/02\/Capture-1-1024x578.jpg 1024w, https:\/\/mbstructures.fr\/wp-content\/uploads\/2021\/02\/Capture-1-600x339.jpg 600w, https:\/\/mbstructures.fr\/wp-content\/uploads\/2021\/02\/Capture-1-300x169.jpg 300w, https:\/\/mbstructures.fr\/wp-content\/uploads\/2021\/02\/Capture-1-768x434.jpg 768w, https:\/\/mbstructures.fr\/wp-content\/uploads\/2021\/02\/Capture-1.jpg 1089w\" sizes=\"(max-width: 1024px) 100vw, 1024px\" \/><\/figure>\n\n\n\n<figure class=\"wp-block-image\"><img loading=\"lazy\" width=\"1024\" height=\"512\" src=\"http:\/\/mbstructures.fr\/wp-content\/uploads\/2021\/02\/er-1024x512.jpg\" alt=\"\" class=\"wp-image-863\" srcset=\"https:\/\/mbstructures.fr\/wp-content\/uploads\/2021\/02\/er-1024x512.jpg 1024w, https:\/\/mbstructures.fr\/wp-content\/uploads\/2021\/02\/er-300x150.jpg 300w, https:\/\/mbstructures.fr\/wp-content\/uploads\/2021\/02\/er-768x384.jpg 768w, https:\/\/mbstructures.fr\/wp-content\/uploads\/2021\/02\/er-600x300.jpg 600w, https:\/\/mbstructures.fr\/wp-content\/uploads\/2021\/02\/er.jpg 1266w\" sizes=\"(max-width: 1024px) 100vw, 1024px\" \/><\/figure>\n\n\n\n<figure class=\"wp-block-image\"><img loading=\"lazy\" width=\"1024\" height=\"514\" src=\"http:\/\/mbstructures.fr\/wp-content\/uploads\/2021\/02\/prison-1024x514.jpg\" alt=\"\" class=\"wp-image-865\" srcset=\"https:\/\/mbstructures.fr\/wp-content\/uploads\/2021\/02\/prison-1024x514.jpg 1024w, https:\/\/mbstructures.fr\/wp-content\/uploads\/2021\/02\/prison-300x150.jpg 300w, https:\/\/mbstructures.fr\/wp-content\/uploads\/2021\/02\/prison-768x385.jpg 768w, https:\/\/mbstructures.fr\/wp-content\/uploads\/2021\/02\/prison-600x301.jpg 600w, https:\/\/mbstructures.fr\/wp-content\/uploads\/2021\/02\/prison.jpg 1244w\" sizes=\"(max-width: 1024px) 100vw, 1024px\" \/><\/figure>\n\n\n\n<p><\/p>\n","protected":false},"excerpt":{"rendered":"<p>Sp\u00e9cialiste de l\u2019Ing\u00e9nierie des Structures,&nbsp;MB&nbsp;STRUCTURES con\u00e7oit, optimise, et r\u00e9alise les \u00e9tudes de d\u00e9tails de tout type de structures dans les domaines suivants : B\u00e2timent (Logements, Tertiaire, H\u00f4pitaux, Ecoles, \u2026) Industrie (Hall, Process, \u2026) G\u00e9nie Civil<a class=\"moretag\" href=\"https:\/\/mbstructures.fr\/?page_id=192\"> Lire la suite&hellip;<\/a><\/p>\n","protected":false},"author":1,"featured_media":146,"parent":0,"menu_order":30,"comment_status":"closed","ping_status":"closed","template":"page-templates\/template-fullwidth.php","meta":[],"_links":{"self":[{"href":"https:\/\/mbstructures.fr\/index.php?rest_route=\/wp\/v2\/pages\/192"}],"collection":[{"href":"https:\/\/mbstructures.fr\/index.php?rest_route=\/wp\/v2\/pages"}],"about":[{"href":"https:\/\/mbstructures.fr\/index.php?rest_route=\/wp\/v2\/types\/page"}],"author":[{"embeddable":true,"href":"https:\/\/mbstructures.fr\/index.php?rest_route=\/wp\/v2\/users\/1"}],"replies":[{"embeddable":true,"href":"https:\/\/mbstructures.fr\/index.php?rest_route=%2Fwp%2Fv2%2Fcomments&post=192"}],"version-history":[{"count":27,"href":"https:\/\/mbstructures.fr\/index.php?rest_route=\/wp\/v2\/pages\/192\/revisions"}],"predecessor-version":[{"id":1004,"href":"https:\/\/mbstructures.fr\/index.php?rest_route=\/wp\/v2\/pages\/192\/revisions\/1004"}],"wp:featuredmedia":[{"embeddable":true,"href":"https:\/\/mbstructures.fr\/index.php?rest_route=\/wp\/v2\/media\/146"}],"wp:attachment":[{"href":"https:\/\/mbstructures.fr\/index.php?rest_route=%2Fwp%2Fv2%2Fmedia&parent=192"}],"curies":[{"name":"wp","href":"https:\/\/api.w.org\/{rel}","templated":true}]}}